{"id":159,"date":"2021-11-30T20:28:21","date_gmt":"2021-11-30T19:28:21","guid":{"rendered":"http:\/\/plansa.pl\/?page_id=159"},"modified":"2021-11-30T21:11:10","modified_gmt":"2021-11-30T20:11:10","slug":"spatial-data-processing","status":"publish","type":"page","link":"http:\/\/plansa.pl\/?page_id=159","title":{"rendered":"SPATIAL DATA PROCESSING"},"content":{"rendered":"\n<div style=\"height:20px\" aria-hidden=\"true\" class=\"wp-block-spacer\"><\/div>\n\n\n\n<p>As regards spatial data processing, we specialise in:<\/p>\n\n\n\n<p>&#8211; establishing and updating topographic databases,<\/p>\n\n\n\n<p>&#8211; processing aerial and satellite images, complete with aerotriangulation and digital terrain model building,<\/p>\n\n\n\n<p>&#8211; obtaining and processing images taken by drones,<\/p>\n\n\n\n<p>&#8211; preparing industry data concerning transmission grids,<\/p>\n\n\n\n<p>&#8211; preparing heritage register databases,<\/p>\n\n\n\n<p>&#8211; preparing digital versions of local spatial development plans,<\/p>\n\n\n\n<p>&#8211; preparing spatial thematic databases.<\/p>\n\n\n\n<div style=\"height:20px\" aria-hidden=\"true\" class=\"wp-block-spacer\"><\/div>\n\n\n\n<p>The major clients include the Agency for Restructuring and Modernisation of Agriculture, the Head Office of Geodesy and Cartography, the National Institute of Cultural Heritage, Karpacka Sp\u00f3\u0142ka Gazownictwa and local administration bodies.<\/p>\n\n\n\n<div style=\"height:45px\" aria-hidden=\"true\" class=\"wp-block-spacer\"><\/div>\n\n\n\n<div class=\"wp-block-image\"><figure class=\"aligncenter size-large\"><img loading=\"lazy\" width=\"1024\" height=\"640\" src=\"http:\/\/plansa.pl\/wp-content\/uploads\/2021\/11\/NMT2-1024x640.png\" alt=\"\" class=\"wp-image-78\" srcset=\"http:\/\/plansa.pl\/wp-content\/uploads\/2021\/11\/NMT2-1024x640.png 1024w, http:\/\/plansa.pl\/wp-content\/uploads\/2021\/11\/NMT2-300x187.png 300w, http:\/\/plansa.pl\/wp-content\/uploads\/2021\/11\/NMT2-768x480.png 768w, http:\/\/plansa.pl\/wp-content\/uploads\/2021\/11\/NMT2.png 1396w\" sizes=\"(max-width: 1024px) 100vw, 1024px\" \/><\/figure><\/div>\n","protected":false},"excerpt":{"rendered":"<p>As regards spatial data processing, we specialise in: &#8211; establishing and updating topographic databases, &#8211; processing aerial and satellite images, complete with aerotriangulation and digital terrain model building, &#8211; obtaining and processing images taken by drones, &#8211; preparing industry data concerning transmission grids, &#8211; preparing heritage register databases, &#8211; preparing digital versions of local spatial [&hellip;]<\/p>\n","protected":false},"author":1,"featured_media":0,"parent":0,"menu_order":0,"comment_status":"closed","ping_status":"closed","template":"","meta":[],"yoast_head":"<!-- This site is optimized with the Yoast SEO plugin v17.6 - https:\/\/yoast.com\/wordpress\/plugins\/seo\/ -->\n<title>SPATIAL DATA PROCESSING - PLAN SP\u00d3\u0141KA AKCYJNA<\/title>\n<meta name=\"robots\" content=\"index, follow, max-snippet:-1, max-image-preview:large, max-video-preview:-1\" \/>\n<link rel=\"canonical\" href=\"http:\/\/plansa.pl\/?page_id=159\" \/>\n<meta property=\"og:locale\" content=\"pl_PL\" \/>\n<meta property=\"og:type\" content=\"article\" \/>\n<meta property=\"og:title\" content=\"SPATIAL DATA PROCESSING - PLAN SP\u00d3\u0141KA AKCYJNA\" \/>\n<meta property=\"og:description\" content=\"As regards spatial data processing, we specialise in: &#8211; establishing and updating topographic databases, &#8211; processing aerial and satellite images, complete with aerotriangulation and digital terrain model building, &#8211; obtaining and processing images taken by drones, &#8211; preparing industry data concerning transmission grids, &#8211; preparing heritage register databases, &#8211; preparing digital versions of local spatial [&hellip;]\" \/>\n<meta property=\"og:url\" content=\"http:\/\/plansa.pl\/?page_id=159\" \/>\n<meta property=\"og:site_name\" content=\"PLAN SP\u00d3\u0141KA AKCYJNA\" \/>\n<meta property=\"article:modified_time\" content=\"2021-11-30T20:11:10+00:00\" \/>\n<meta property=\"og:image\" content=\"http:\/\/plansa.pl\/wp-content\/uploads\/2021\/11\/NMT2-1024x640.png\" \/>\n<meta name=\"twitter:card\" content=\"summary_large_image\" \/>\n<meta name=\"twitter:label1\" content=\"Szacowany czas czytania\" \/>\n\t<meta name=\"twitter:data1\" content=\"1 minuta\" \/>\n<script type=\"application\/ld+json\" class=\"yoast-schema-graph\">{\"@context\":\"https:\/\/schema.org\",\"@graph\":[{\"@type\":\"WebSite\",\"@id\":\"http:\/\/plansa.pl\/#website\",\"url\":\"http:\/\/plansa.pl\/\",\"name\":\"PLAN SP\\u00d3\\u0141KA AKCYJNA\",\"description\":\"LIDER KONTROLI JAKO\\u015aCI DANYCH PRZESTRZENNYCH\",\"potentialAction\":[{\"@type\":\"SearchAction\",\"target\":{\"@type\":\"EntryPoint\",\"urlTemplate\":\"http:\/\/plansa.pl\/?s={search_term_string}\"},\"query-input\":\"required name=search_term_string\"}],\"inLanguage\":\"pl-PL\"},{\"@type\":\"ImageObject\",\"@id\":\"http:\/\/plansa.pl\/?page_id=159#primaryimage\",\"inLanguage\":\"pl-PL\",\"url\":\"http:\/\/plansa.pl\/wp-content\/uploads\/2021\/11\/NMT2.png\",\"contentUrl\":\"http:\/\/plansa.pl\/wp-content\/uploads\/2021\/11\/NMT2.png\",\"width\":1396,\"height\":872},{\"@type\":\"WebPage\",\"@id\":\"http:\/\/plansa.pl\/?page_id=159#webpage\",\"url\":\"http:\/\/plansa.pl\/?page_id=159\",\"name\":\"SPATIAL DATA PROCESSING - PLAN SP\\u00d3\\u0141KA AKCYJNA\",\"isPartOf\":{\"@id\":\"http:\/\/plansa.pl\/#website\"},\"primaryImageOfPage\":{\"@id\":\"http:\/\/plansa.pl\/?page_id=159#primaryimage\"},\"datePublished\":\"2021-11-30T19:28:21+00:00\",\"dateModified\":\"2021-11-30T20:11:10+00:00\",\"breadcrumb\":{\"@id\":\"http:\/\/plansa.pl\/?page_id=159#breadcrumb\"},\"inLanguage\":\"pl-PL\",\"potentialAction\":[{\"@type\":\"ReadAction\",\"target\":[\"http:\/\/plansa.pl\/?page_id=159\"]}]},{\"@type\":\"BreadcrumbList\",\"@id\":\"http:\/\/plansa.pl\/?page_id=159#breadcrumb\",\"itemListElement\":[{\"@type\":\"ListItem\",\"position\":1,\"name\":\"SPATIAL DATA PROCESSING\"}]}]}<\/script>\n<!-- \/ Yoast SEO plugin. -->","yoast_head_json":{"title":"SPATIAL DATA PROCESSING - PLAN SP\u00d3\u0141KA AKCYJNA","robots":{"index":"index","follow":"follow","max-snippet":"max-snippet:-1","max-image-preview":"max-image-preview:large","max-video-preview":"max-video-preview:-1"},"canonical":"http:\/\/plansa.pl\/?page_id=159","og_locale":"pl_PL","og_type":"article","og_title":"SPATIAL DATA PROCESSING - PLAN SP\u00d3\u0141KA AKCYJNA","og_description":"As regards spatial data processing, we specialise in: &#8211; establishing and updating topographic databases, &#8211; processing aerial and satellite images, complete with aerotriangulation and digital terrain model building, &#8211; obtaining and processing images taken by drones, &#8211; preparing industry data concerning transmission grids, &#8211; preparing heritage register databases, &#8211; preparing digital versions of local spatial [&hellip;]","og_url":"http:\/\/plansa.pl\/?page_id=159","og_site_name":"PLAN SP\u00d3\u0141KA AKCYJNA","article_modified_time":"2021-11-30T20:11:10+00:00","og_image":[{"url":"http:\/\/plansa.pl\/wp-content\/uploads\/2021\/11\/NMT2-1024x640.png"}],"twitter_card":"summary_large_image","twitter_misc":{"Szacowany czas czytania":"1 minuta"},"schema":{"@context":"https:\/\/schema.org","@graph":[{"@type":"WebSite","@id":"http:\/\/plansa.pl\/#website","url":"http:\/\/plansa.pl\/","name":"PLAN SP\u00d3\u0141KA AKCYJNA","description":"LIDER KONTROLI JAKO\u015aCI DANYCH PRZESTRZENNYCH","potentialAction":[{"@type":"SearchAction","target":{"@type":"EntryPoint","urlTemplate":"http:\/\/plansa.pl\/?s={search_term_string}"},"query-input":"required name=search_term_string"}],"inLanguage":"pl-PL"},{"@type":"ImageObject","@id":"http:\/\/plansa.pl\/?page_id=159#primaryimage","inLanguage":"pl-PL","url":"http:\/\/plansa.pl\/wp-content\/uploads\/2021\/11\/NMT2.png","contentUrl":"http:\/\/plansa.pl\/wp-content\/uploads\/2021\/11\/NMT2.png","width":1396,"height":872},{"@type":"WebPage","@id":"http:\/\/plansa.pl\/?page_id=159#webpage","url":"http:\/\/plansa.pl\/?page_id=159","name":"SPATIAL DATA PROCESSING - PLAN SP\u00d3\u0141KA AKCYJNA","isPartOf":{"@id":"http:\/\/plansa.pl\/#website"},"primaryImageOfPage":{"@id":"http:\/\/plansa.pl\/?page_id=159#primaryimage"},"datePublished":"2021-11-30T19:28:21+00:00","dateModified":"2021-11-30T20:11:10+00:00","breadcrumb":{"@id":"http:\/\/plansa.pl\/?page_id=159#breadcrumb"},"inLanguage":"pl-PL","potentialAction":[{"@type":"ReadAction","target":["http:\/\/plansa.pl\/?page_id=159"]}]},{"@type":"BreadcrumbList","@id":"http:\/\/plansa.pl\/?page_id=159#breadcrumb","itemListElement":[{"@type":"ListItem","position":1,"name":"SPATIAL DATA PROCESSING"}]}]}},"_links":{"self":[{"href":"http:\/\/plansa.pl\/index.php?rest_route=\/wp\/v2\/pages\/159"}],"collection":[{"href":"http:\/\/plansa.pl\/index.php?rest_route=\/wp\/v2\/pages"}],"about":[{"href":"http:\/\/plansa.pl\/index.php?rest_route=\/wp\/v2\/types\/page"}],"author":[{"embeddable":true,"href":"http:\/\/plansa.pl\/index.php?rest_route=\/wp\/v2\/users\/1"}],"replies":[{"embeddable":true,"href":"http:\/\/plansa.pl\/index.php?rest_route=%2Fwp%2Fv2%2Fcomments&post=159"}],"version-history":[{"count":2,"href":"http:\/\/plansa.pl\/index.php?rest_route=\/wp\/v2\/pages\/159\/revisions"}],"predecessor-version":[{"id":181,"href":"http:\/\/plansa.pl\/index.php?rest_route=\/wp\/v2\/pages\/159\/revisions\/181"}],"wp:attachment":[{"href":"http:\/\/plansa.pl\/index.php?rest_route=%2Fwp%2Fv2%2Fmedia&parent=159"}],"curies":[{"name":"wp","href":"https:\/\/api.w.org\/{rel}","templated":true}]}}