{"id":152,"date":"2021-11-30T20:22:47","date_gmt":"2021-11-30T19:22:47","guid":{"rendered":"http:\/\/plansa.pl\/?page_id=152"},"modified":"2021-12-14T12:39:18","modified_gmt":"2021-12-14T11:39:18","slug":"en","status":"publish","type":"page","link":"http:\/\/plansa.pl\/?page_id=152","title":{"rendered":""},"content":{"rendered":"\n<div class=\"wp-block-cover aligncenter has-background-dim\"><img loading=\"lazy\" width=\"1024\" height=\"620\" class=\"wp-block-cover__image-background wp-image-76\" alt=\"\" src=\"http:\/\/plansa.pl\/wp-content\/uploads\/2021\/11\/inne3-1024x620.png\" data-object-fit=\"cover\" srcset=\"http:\/\/plansa.pl\/wp-content\/uploads\/2021\/11\/inne3-1024x620.png 1024w, http:\/\/plansa.pl\/wp-content\/uploads\/2021\/11\/inne3-300x182.png 300w, http:\/\/plansa.pl\/wp-content\/uploads\/2021\/11\/inne3-768x465.png 768w, http:\/\/plansa.pl\/wp-content\/uploads\/2021\/11\/inne3.png 1406w\" sizes=\"(max-width: 1024px) 100vw, 1024px\" \/><div class=\"wp-block-cover__inner-container\">\n<p class=\"has-text-align-center has-large-font-size\"><strong><strong>Leader in software development <\/strong><\/strong><br><strong><strong>and spatial data quality control<\/strong><\/strong><\/p>\n<\/div><\/div>\n","protected":false},"excerpt":{"rendered":"","protected":false},"author":1,"featured_media":0,"parent":0,"menu_order":0,"comment_status":"closed","ping_status":"closed","template":"","meta":[],"yoast_head":"<!-- This site is optimized with the Yoast SEO plugin v17.6 - https:\/\/yoast.com\/wordpress\/plugins\/seo\/ -->\n<title>- PLAN SP\u00d3\u0141KA AKCYJNA<\/title>\n<meta name=\"robots\" content=\"index, follow, max-snippet:-1, max-image-preview:large, max-video-preview:-1\" \/>\n<link rel=\"canonical\" href=\"http:\/\/plansa.pl\/?page_id=152\" \/>\n<meta property=\"og:locale\" content=\"pl_PL\" \/>\n<meta property=\"og:type\" content=\"article\" \/>\n<meta property=\"og:title\" content=\"- PLAN SP\u00d3\u0141KA AKCYJNA\" \/>\n<meta property=\"og:url\" content=\"http:\/\/plansa.pl\/?page_id=152\" \/>\n<meta property=\"og:site_name\" content=\"PLAN SP\u00d3\u0141KA AKCYJNA\" \/>\n<meta property=\"article:modified_time\" content=\"2021-12-14T11:39:18+00:00\" \/>\n<meta property=\"og:image\" content=\"http:\/\/plansa.pl\/wp-content\/uploads\/2021\/11\/inne3-1024x620.png\" \/>\n<meta name=\"twitter:card\" content=\"summary_large_image\" \/>\n<meta name=\"twitter:label1\" content=\"Szacowany czas czytania\" \/>\n\t<meta name=\"twitter:data1\" content=\"1 minuta\" \/>\n<script type=\"application\/ld+json\" class=\"yoast-schema-graph\">{\"@context\":\"https:\/\/schema.org\",\"@graph\":[{\"@type\":\"WebSite\",\"@id\":\"http:\/\/plansa.pl\/#website\",\"url\":\"http:\/\/plansa.pl\/\",\"name\":\"PLAN SP\\u00d3\\u0141KA AKCYJNA\",\"description\":\"LIDER KONTROLI JAKO\\u015aCI DANYCH PRZESTRZENNYCH\",\"potentialAction\":[{\"@type\":\"SearchAction\",\"target\":{\"@type\":\"EntryPoint\",\"urlTemplate\":\"http:\/\/plansa.pl\/?s={search_term_string}\"},\"query-input\":\"required name=search_term_string\"}],\"inLanguage\":\"pl-PL\"},{\"@type\":\"ImageObject\",\"@id\":\"http:\/\/plansa.pl\/?page_id=152#primaryimage\",\"inLanguage\":\"pl-PL\",\"url\":\"http:\/\/plansa.pl\/wp-content\/uploads\/2021\/11\/inne3.png\",\"contentUrl\":\"http:\/\/plansa.pl\/wp-content\/uploads\/2021\/11\/inne3.png\",\"width\":1406,\"height\":851},{\"@type\":\"WebPage\",\"@id\":\"http:\/\/plansa.pl\/?page_id=152#webpage\",\"url\":\"http:\/\/plansa.pl\/?page_id=152\",\"name\":\"- PLAN SP\\u00d3\\u0141KA AKCYJNA\",\"isPartOf\":{\"@id\":\"http:\/\/plansa.pl\/#website\"},\"primaryImageOfPage\":{\"@id\":\"http:\/\/plansa.pl\/?page_id=152#primaryimage\"},\"datePublished\":\"2021-11-30T19:22:47+00:00\",\"dateModified\":\"2021-12-14T11:39:18+00:00\",\"breadcrumb\":{\"@id\":\"http:\/\/plansa.pl\/?page_id=152#breadcrumb\"},\"inLanguage\":\"pl-PL\",\"potentialAction\":[{\"@type\":\"ReadAction\",\"target\":[\"http:\/\/plansa.pl\/?page_id=152\"]}]},{\"@type\":\"BreadcrumbList\",\"@id\":\"http:\/\/plansa.pl\/?page_id=152#breadcrumb\",\"itemListElement\":[{\"@type\":\"ListItem\",\"position\":1,\"name\":\"\"}]}]}<\/script>\n<!-- \/ Yoast SEO plugin. -->","yoast_head_json":{"title":"- PLAN SP\u00d3\u0141KA AKCYJNA","robots":{"index":"index","follow":"follow","max-snippet":"max-snippet:-1","max-image-preview":"max-image-preview:large","max-video-preview":"max-video-preview:-1"},"canonical":"http:\/\/plansa.pl\/?page_id=152","og_locale":"pl_PL","og_type":"article","og_title":"- PLAN SP\u00d3\u0141KA AKCYJNA","og_url":"http:\/\/plansa.pl\/?page_id=152","og_site_name":"PLAN SP\u00d3\u0141KA AKCYJNA","article_modified_time":"2021-12-14T11:39:18+00:00","og_image":[{"url":"http:\/\/plansa.pl\/wp-content\/uploads\/2021\/11\/inne3-1024x620.png"}],"twitter_card":"summary_large_image","twitter_misc":{"Szacowany czas czytania":"1 minuta"},"schema":{"@context":"https:\/\/schema.org","@graph":[{"@type":"WebSite","@id":"http:\/\/plansa.pl\/#website","url":"http:\/\/plansa.pl\/","name":"PLAN SP\u00d3\u0141KA AKCYJNA","description":"LIDER KONTROLI JAKO\u015aCI DANYCH PRZESTRZENNYCH","potentialAction":[{"@type":"SearchAction","target":{"@type":"EntryPoint","urlTemplate":"http:\/\/plansa.pl\/?s={search_term_string}"},"query-input":"required name=search_term_string"}],"inLanguage":"pl-PL"},{"@type":"ImageObject","@id":"http:\/\/plansa.pl\/?page_id=152#primaryimage","inLanguage":"pl-PL","url":"http:\/\/plansa.pl\/wp-content\/uploads\/2021\/11\/inne3.png","contentUrl":"http:\/\/plansa.pl\/wp-content\/uploads\/2021\/11\/inne3.png","width":1406,"height":851},{"@type":"WebPage","@id":"http:\/\/plansa.pl\/?page_id=152#webpage","url":"http:\/\/plansa.pl\/?page_id=152","name":"- PLAN SP\u00d3\u0141KA AKCYJNA","isPartOf":{"@id":"http:\/\/plansa.pl\/#website"},"primaryImageOfPage":{"@id":"http:\/\/plansa.pl\/?page_id=152#primaryimage"},"datePublished":"2021-11-30T19:22:47+00:00","dateModified":"2021-12-14T11:39:18+00:00","breadcrumb":{"@id":"http:\/\/plansa.pl\/?page_id=152#breadcrumb"},"inLanguage":"pl-PL","potentialAction":[{"@type":"ReadAction","target":["http:\/\/plansa.pl\/?page_id=152"]}]},{"@type":"BreadcrumbList","@id":"http:\/\/plansa.pl\/?page_id=152#breadcrumb","itemListElement":[{"@type":"ListItem","position":1,"name":""}]}]}},"_links":{"self":[{"href":"http:\/\/plansa.pl\/index.php?rest_route=\/wp\/v2\/pages\/152"}],"collection":[{"href":"http:\/\/plansa.pl\/index.php?rest_route=\/wp\/v2\/pages"}],"about":[{"href":"http:\/\/plansa.pl\/index.php?rest_route=\/wp\/v2\/types\/page"}],"author":[{"embeddable":true,"href":"http:\/\/plansa.pl\/index.php?rest_route=\/wp\/v2\/users\/1"}],"replies":[{"embeddable":true,"href":"http:\/\/plansa.pl\/index.php?rest_route=%2Fwp%2Fv2%2Fcomments&post=152"}],"version-history":[{"count":2,"href":"http:\/\/plansa.pl\/index.php?rest_route=\/wp\/v2\/pages\/152\/revisions"}],"predecessor-version":[{"id":191,"href":"http:\/\/plansa.pl\/index.php?rest_route=\/wp\/v2\/pages\/152\/revisions\/191"}],"wp:attachment":[{"href":"http:\/\/plansa.pl\/index.php?rest_route=%2Fwp%2Fv2%2Fmedia&parent=152"}],"curies":[{"name":"wp","href":"https:\/\/api.w.org\/{rel}","templated":true}]}}